{"id":13,"date":"2023-02-28T12:20:34","date_gmt":"2023-02-28T11:20:34","guid":{"rendered":"http:\/\/naszakrajna.org2\/?page_id=13"},"modified":"2026-04-09T11:37:50","modified_gmt":"2026-04-09T10:37:50","slug":"kontakt","status":"publish","type":"page","link":"https:\/\/naszakrajna.org\/index.php\/kontakt\/","title":{"rendered":"Kontakt"},"content":{"rendered":"\n<hr class=\"wp-block-separator has-alpha-channel-opacity\"\/>\n\n\n\n<p><strong>Stowarzyszenie NASZA KRAJNA<br>ul. Jeziorna 6<br>89-400 S\u0119p\u00f3lno Kraje\u0144skie<br><br><\/strong>Biuro jest czynne w dni robocze od<strong>&nbsp;7:30&nbsp;<\/strong>do<strong>&nbsp;15:30<\/strong>,<strong> &nbsp;I pi\u0119tro<br><br><\/strong>telefon:<strong>&nbsp;531 089 577&nbsp;<\/strong>lub<strong> 884 001 997&nbsp;<br><br><\/strong>e-mail:<strong><a href=\"mailto:biuro@naszakrajna.org\">&nbsp;biuro@naszakrajna.org<\/a><\/strong><\/p>\n\n\n\n<p>Adres do e-dor\u0119cze\u0144: <strong>AE:PL-99932-29772-GRGSB-19<\/strong><\/p>\n\n\n\n<h2 class=\"wp-block-heading\" style=\"font-size:32px\">Pracownicy Biura<\/h2>\n\n\n\n<ul class=\"wp-block-list\">\n<li>Kierownik Biura <strong>S\u0142awomir Rekowski<\/strong><\/li>\n\n\n\n<li>Specjalista do spraw organizacyjno-promocyjnych, wsp\u00f3\u0142pracy i animacji <strong>Marita Karbowiak<\/strong><\/li>\n\n\n\n<li>Specjalista do spraw rozwoju przedsi\u0119biorczo\u015bci <strong>Krzysztof Krzy\u017canowski<\/strong><\/li>\n<\/ul>\n\n\n\n<center><iframe src=\"https:\/\/www.google.com\/maps\/embed?pb=!1m18!1m12!1m3!1d2375.9204155125635!2d17.528269316113093!3d53.45200888000125!2m3!1f0!2f0!3f0!3m2!1i1024!2i768!4f13.1!3m3!1m2!1s0x4703b2f9f0414ce9%3A0x2120cd06842ce1de!2sJeziorna%206%2C%2089-400%20S%C4%99p%C3%B3lno%20Kraje%C5%84skie!5e0!3m2!1sen!2spl!4v1680033162243!5m2!1sen!2spl\" width=\"600\" height=\"450\" style=\"border:0;\" allowfullscreen=\"\" loading=\"lazy\" referrerpolicy=\"no-referrer-when-downgrade\"><\/iframe><\/center>\n\n\n<div class=\"wpforms-container wpforms-container-full\" id=\"wpforms-198\"><form id=\"wpforms-form-198\" class=\"wpforms-validate wpforms-form wpforms-ajax-form\" data-formid=\"198\" method=\"post\" enctype=\"multipart\/form-data\" action=\"\/index.php\/wp-json\/wp\/v2\/pages\/13\" data-token=\"ab21d82f02dc2c3bcfa75ca3a9a89cf7\"><noscript class=\"wpforms-error-noscript\">Aby wype\u0142ni\u0107 ten formularz, w\u0142\u0105cz obs\u0142ug\u0119 JavaScript w przegl\u0105darce.<\/noscript><div class=\"wpforms-field-container\"><div id=\"wpforms-198-field_0-container\" class=\"wpforms-field wpforms-field-name\" data-field-id=\"0\"><label class=\"wpforms-field-label\" for=\"wpforms-198-field_0\">Imi\u0119 i nazwisko <span class=\"wpforms-required-label\">*<\/span><\/label><div class=\"wpforms-field-row wpforms-field-medium\"><div class=\"wpforms-field-row-block wpforms-first wpforms-one-half\"><input type=\"text\" id=\"wpforms-198-field_0\" class=\"wpforms-field-name-first wpforms-field-required\" name=\"wpforms[fields][0][first]\" required><label for=\"wpforms-198-field_0\" class=\"wpforms-field-sublabel after wpforms-sublabel-hide\">Pierwsze<\/label><\/div><div class=\"wpforms-field-row-block wpforms-one-half\"><input type=\"text\" id=\"wpforms-198-field_0-last\" class=\"wpforms-field-name-last wpforms-field-required\" name=\"wpforms[fields][0][last]\" required><label for=\"wpforms-198-field_0-last\" class=\"wpforms-field-sublabel after wpforms-sublabel-hide\">Ostatnia<\/label><\/div><\/div><\/div><div id=\"wpforms-198-field_1-container\" class=\"wpforms-field wpforms-field-email\" data-field-id=\"1\"><label class=\"wpforms-field-label\" for=\"wpforms-198-field_1\">Tw\u00f3j adres e-mail <span class=\"wpforms-required-label\">*<\/span><\/label><input type=\"email\" id=\"wpforms-198-field_1\" class=\"wpforms-field-medium wpforms-field-required\" name=\"wpforms[fields][1]\" required><\/div><div id=\"wpforms-198-field_2-container\" class=\"wpforms-field wpforms-field-textarea\" data-field-id=\"2\"><label class=\"wpforms-field-label\" for=\"wpforms-198-field_2\">Tre\u015b\u0107 wiadomo\u015bci <span class=\"wpforms-required-label\">*<\/span><\/label><textarea id=\"wpforms-198-field_2\" class=\"wpforms-field-medium wpforms-field-required\" name=\"wpforms[fields][2]\" required><\/textarea><\/div><\/div><div class=\"wpforms-submit-container\"><input type=\"hidden\" name=\"wpforms[id]\" value=\"198\"><input type=\"hidden\" name=\"wpforms[author]\" value=\"1\"><button type=\"submit\" name=\"wpforms[submit]\" id=\"wpforms-submit-198\" class=\"wpforms-submit\" data-alt-text=\"Wysy\u0142anie...\" data-submit-text=\"Prze\u015blij\" aria-live=\"assertive\" value=\"wpforms-submit\">Prze\u015blij<\/button><img loading=\"lazy\" decoding=\"async\" src=\"https:\/\/naszakrajna.org\/wp-content\/plugins\/wpforms-lite\/assets\/images\/submit-spin.svg\" class=\"wpforms-submit-spinner\" style=\"display: none;\" width=\"26\" height=\"26\" alt=\"Wczytywanie\"><\/div><\/form><\/div>  <!-- .wpforms-container -->","protected":false},"excerpt":{"rendered":"<p>Stowarzyszenie NASZA KRAJNAul. Jeziorna 689-400 S\u0119p\u00f3lno Kraje\u0144skie Biuro jest czynne w dni robocze od&nbsp;7:30&nbsp;do&nbsp;15:30, &nbsp;I&#8230;<\/p>\n","protected":false},"author":1,"featured_media":0,"parent":0,"menu_order":8,"comment_status":"closed","ping_status":"closed","template":"","meta":{"om_disable_all_campaigns":false,"_monsterinsights_skip_tracking":false,"_monsterinsights_sitenote_active":false,"_monsterinsights_sitenote_note":"","_monsterinsights_sitenote_category":0,"footnotes":""},"class_list":["post-13","page","type-page","status-publish","hentry"],"aioseo_notices":[],"_links":{"self":[{"href":"https:\/\/naszakrajna.org\/index.php\/wp-json\/wp\/v2\/pages\/13","targetHints":{"allow":["GET"]}}],"collection":[{"href":"https:\/\/naszakrajna.org\/index.php\/wp-json\/wp\/v2\/pages"}],"about":[{"href":"https:\/\/naszakrajna.org\/index.php\/wp-json\/wp\/v2\/types\/page"}],"author":[{"embeddable":true,"href":"https:\/\/naszakrajna.org\/index.php\/wp-json\/wp\/v2\/users\/1"}],"replies":[{"embeddable":true,"href":"https:\/\/naszakrajna.org\/index.php\/wp-json\/wp\/v2\/comments?post=13"}],"version-history":[{"count":8,"href":"https:\/\/naszakrajna.org\/index.php\/wp-json\/wp\/v2\/pages\/13\/revisions"}],"predecessor-version":[{"id":1826,"href":"https:\/\/naszakrajna.org\/index.php\/wp-json\/wp\/v2\/pages\/13\/revisions\/1826"}],"wp:attachment":[{"href":"https:\/\/naszakrajna.org\/index.php\/wp-json\/wp\/v2\/media?parent=13"}],"curies":[{"name":"wp","href":"https:\/\/api.w.org\/{rel}","templated":true}]}}